{"id":925,"date":"2022-08-30T12:18:10","date_gmt":"2022-08-30T12:18:10","guid":{"rendered":"https:\/\/rebruk.ee\/spike-plate-takstoler\/materialene-vi-bruker%ef%bf%bc\/"},"modified":"2022-10-03T14:19:35","modified_gmt":"2022-10-03T14:19:35","slug":"materialene-vi-bruker","status":"publish","type":"page","link":"https:\/\/rebruk.ee\/no\/spike-plate-takstoler\/materialene-vi-bruker\/","title":{"rendered":"Materialene vi bruker\ufffc"},"content":{"rendered":"\t\t<div data-elementor-type=\"wp-page\" data-elementor-id=\"925\" class=\"elementor elementor-925 elementor-30\" data-elementor-post-type=\"page\">\n\t\t\t\t\t\t<section class=\"elementor-section elementor-top-section elementor-element elementor-element-4512e8f7 elementor-section-height-min-height elementor-section-items-top animated-slow elementor-section-boxed elementor-section-height-default elementor-invisible\" data-id=\"4512e8f7\" data-element_type=\"section\" data-settings=\"{&quot;animation&quot;:&quot;fadeIn&quot;}\">\n\t\t\t\t\t\t<div class=\"elementor-container elementor-column-gap-no\">\n\t\t\t\t\t<div class=\"elementor-column elementor-col-100 elementor-top-column elementor-element elementor-element-347f5d72\" data-id=\"347f5d72\" data-element_type=\"column\">\n\t\t\t<div class=\"elementor-widget-wrap elementor-element-populated\">\n\t\t\t\t\t\t<div class=\"elementor-element elementor-element-741d1425 elementor-widget elementor-widget-heading\" data-id=\"741d1425\" data-element_type=\"widget\" data-widget_type=\"heading.default\">\n\t\t\t\t<div class=\"elementor-widget-container\">\n\t\t\t\t\t<h1 class=\"elementor-heading-title elementor-size-default\">Materialene vi bruker<\/h1>\t\t\t\t<\/div>\n\t\t\t\t<\/div>\n\t\t\t\t<div class=\"elementor-element elementor-element-2cf3721c elementor-widget elementor-widget-text-editor\" data-id=\"2cf3721c\" data-element_type=\"widget\" data-widget_type=\"text-editor.default\">\n\t\t\t\t<div class=\"elementor-widget-container\">\n\t\t\t\t\t\t\t\t\t<p>Det sagede materialet som brukes i Fermi er utelukkende styrkegradert og kalibrert h\u00f8vlet materiale. N\u00e5r det gjelder tre, er de viktigste samarbeidspartnerne Stora Enso Eesti AS, Puidukoda O\u00fc, Rait AS, Combimill O\u00dc og Virumaa Metsat\u00f6\u00f6stus AS. Piggplatene er fra Ristek Oy, Mitek Industries AB og Arras Construction Furniture O\u00dc.<\/p>\n\t\t\t\t\t\t\t\t<\/div>\n\t\t\t\t<\/div>\n\t\t\t\t\t<\/div>\n\t\t<\/div>\n\t\t\t\t\t<\/div>\n\t\t<\/section>\n\t\t\t\t<\/div>\n\t\t","protected":false},"excerpt":{"rendered":"<p>Materialene vi bruker Det sagede materialet som brukes i Fermi er utelukkende styrkegradert og kalibrert h\u00f8vlet materiale. N\u00e5r det gjelder tre, er de viktigste samarbeidspartnerne Stora Enso Eesti AS, Puidukoda O\u00fc, Rait AS, Combimill O\u00dc og Virumaa Metsat\u00f6\u00f6stus AS. Piggplatene er fra Ristek Oy, Mitek Industries AB og Arras Construction Furniture O\u00dc.<\/p>\n","protected":false},"author":1,"featured_media":0,"parent":917,"menu_order":0,"comment_status":"closed","ping_status":"closed","template":"elementor_header_footer","meta":{"footnotes":""},"class_list":["post-925","page","type-page","status-publish","hentry"],"_links":{"self":[{"href":"https:\/\/rebruk.ee\/no\/wp-json\/wp\/v2\/pages\/925","targetHints":{"allow":["GET"]}}],"collection":[{"href":"https:\/\/rebruk.ee\/no\/wp-json\/wp\/v2\/pages"}],"about":[{"href":"https:\/\/rebruk.ee\/no\/wp-json\/wp\/v2\/types\/page"}],"author":[{"embeddable":true,"href":"https:\/\/rebruk.ee\/no\/wp-json\/wp\/v2\/users\/1"}],"replies":[{"embeddable":true,"href":"https:\/\/rebruk.ee\/no\/wp-json\/wp\/v2\/comments?post=925"}],"version-history":[{"count":4,"href":"https:\/\/rebruk.ee\/no\/wp-json\/wp\/v2\/pages\/925\/revisions"}],"predecessor-version":[{"id":1102,"href":"https:\/\/rebruk.ee\/no\/wp-json\/wp\/v2\/pages\/925\/revisions\/1102"}],"up":[{"embeddable":true,"href":"https:\/\/rebruk.ee\/no\/wp-json\/wp\/v2\/pages\/917"}],"wp:attachment":[{"href":"https:\/\/rebruk.ee\/no\/wp-json\/wp\/v2\/media?parent=925"}],"curies":[{"name":"wp","href":"https:\/\/api.w.org\/{rel}","templated":true}]}}