{"id":921,"date":"2022-08-30T12:18:36","date_gmt":"2022-08-30T12:18:36","guid":{"rendered":"https:\/\/rebruk.ee\/spike-plate-takstoler\/design-og-produksjon%ef%bf%bc\/"},"modified":"2022-09-26T15:51:14","modified_gmt":"2022-09-26T15:51:14","slug":"design-og-produksjon","status":"publish","type":"page","link":"https:\/\/rebruk.ee\/no\/spike-plate-takstoler\/design-og-produksjon\/","title":{"rendered":"Design og produksjon\ufffc"},"content":{"rendered":"\t\t<div data-elementor-type=\"wp-page\" data-elementor-id=\"921\" class=\"elementor elementor-921 elementor-32\" data-elementor-post-type=\"page\">\n\t\t\t\t\t\t<section class=\"elementor-section elementor-top-section elementor-element elementor-element-722673b4 elementor-section-height-min-height elementor-section-items-top animated-slow elementor-section-boxed elementor-section-height-default elementor-invisible\" data-id=\"722673b4\" data-element_type=\"section\" data-settings=\"{&quot;animation&quot;:&quot;fadeIn&quot;}\">\n\t\t\t\t\t\t<div class=\"elementor-container elementor-column-gap-no\">\n\t\t\t\t\t<div class=\"elementor-column elementor-col-100 elementor-top-column elementor-element elementor-element-6e806db1\" data-id=\"6e806db1\" data-element_type=\"column\">\n\t\t\t<div class=\"elementor-widget-wrap elementor-element-populated\">\n\t\t\t\t\t\t<div class=\"elementor-element elementor-element-686e2816 elementor-widget elementor-widget-heading\" data-id=\"686e2816\" data-element_type=\"widget\" data-widget_type=\"heading.default\">\n\t\t\t\t<div class=\"elementor-widget-container\">\n\t\t\t\t\t<h1 class=\"elementor-heading-title elementor-size-default\">Design og produksjon<\/h1>\t\t\t\t<\/div>\n\t\t\t\t<\/div>\n\t\t\t\t<div class=\"elementor-element elementor-element-14bcbea2 elementor-widget elementor-widget-text-editor\" data-id=\"14bcbea2\" data-element_type=\"widget\" data-widget_type=\"text-editor.default\">\n\t\t\t\t<div class=\"elementor-widget-container\">\n\t\t\t\t\t\t\t\t\t<p>Ved utforming av piggplatestoler jobber vi tett med designer Mait J\u00fcrgens (ansvarlig designer sjekket av Inspecta Certification).<\/p>\n<p>Du kan f\u00e5 mer informasjon om designet fra Mait J\u00fcrgens, designeren av piggtr\u00e5dnetting, p\u00e5 <a href=\"mailto:mait@fermiprojekt.ee\">mait@fermiprojekt.ee<\/a><\/p>\n<p>Som en enkel forklaring kan vi gi en kort oversikt over bestillings- og produksjonsprosessen av piggstoler.<\/p>\n<p>1. Du sender oss prosjekttegningene av bygget du \u00f8nsker fagverksb\u00e6rere til. Grunnlaget for v\u00e5r prisberegning av takstoler er prosjekttegningene av bygget du stiller med, som du trenger piggstoler til. Du kan sende prosjekttegninger p\u00e5 e-post enten i .dwg, .pdf-format eller p\u00e5 faks i papirform.<\/p>\n<p>2. Basert p\u00e5 mottatte tegninger utarbeider vi et pristilbud til deg. Basert p\u00e5 informasjonen gitt i prosjekttegningene, takkonstruksjonen, driftslaster, sluttbehandlingsmaterialer mv. vi kan utarbeide et pristilbud til deg. Innledende konsultasjon med designer.<\/p>\n<p>3. Ordrebekreftelse fra kunden, inng\u00e5else av kj\u00f8ps- og salgsavtale Dersom v\u00e5rt pristilbud passer for deg, forventer vi din ordrebekreftelse p\u00e5 pristilbudet (inng\u00e5else av kj\u00f8ps- og salgsavtale er ogs\u00e5 inkludert).<\/p>\n<p>4. Ferm design. Med utgangspunkt i det tidligere tilsendte byggeprosjektet utarbeider prosjekterende det endelige fagverksprosjektet. Ved enklere tak (et vanlig sadeltak, hvor hele bygningen kan dekkes med kun \u00e9n type bindingsverk) best\u00e5r prosjektdokumentasjonen av kun \u00e9n prosjekttegning, ved st\u00f8rre, som valmtak, volumet av takprosjektdokumentasjonen som skal overf\u00f8res er allerede mye st\u00f8rre, fordi hele settet kan inneholde ca. 10 \u2013 30 forskjellige fagverksb\u00e6rere. For disse st\u00f8rre takene sender vi deg ogs\u00e5 fagverkstakplanen.<\/p>\n<p>5. Fermproduksjon. S\u00e5 snart de endelige designtegningene til Fermi er ferdige, sendes de umiddelbart videre til produksjon, hvor materialsortering og monteringsarbeid starter. Avhengig av antall g\u00e5rder kan det ta fra noen dager til 3-4 uker \u00e5 produsere et taksett.<\/p>\n\t\t\t\t\t\t\t\t<\/div>\n\t\t\t\t<\/div>\n\t\t\t\t\t<\/div>\n\t\t<\/div>\n\t\t\t\t\t<\/div>\n\t\t<\/section>\n\t\t\t\t<\/div>\n\t\t","protected":false},"excerpt":{"rendered":"<p>Design og produksjon Ved utforming av piggplatestoler jobber vi tett med designer Mait J\u00fcrgens (ansvarlig designer sjekket av Inspecta Certification). Du kan f\u00e5 mer informasjon om designet fra Mait J\u00fcrgens, designeren av piggtr\u00e5dnetting, p\u00e5 mait@fermiprojekt.ee Som en enkel forklaring kan vi gi en kort oversikt over bestillings- og produksjonsprosessen av piggstoler. 1. Du sender oss [&hellip;]<\/p>\n","protected":false},"author":1,"featured_media":0,"parent":917,"menu_order":0,"comment_status":"closed","ping_status":"closed","template":"elementor_header_footer","meta":{"footnotes":""},"class_list":["post-921","page","type-page","status-publish","hentry"],"_links":{"self":[{"href":"https:\/\/rebruk.ee\/no\/wp-json\/wp\/v2\/pages\/921","targetHints":{"allow":["GET"]}}],"collection":[{"href":"https:\/\/rebruk.ee\/no\/wp-json\/wp\/v2\/pages"}],"about":[{"href":"https:\/\/rebruk.ee\/no\/wp-json\/wp\/v2\/types\/page"}],"author":[{"embeddable":true,"href":"https:\/\/rebruk.ee\/no\/wp-json\/wp\/v2\/users\/1"}],"replies":[{"embeddable":true,"href":"https:\/\/rebruk.ee\/no\/wp-json\/wp\/v2\/comments?post=921"}],"version-history":[{"count":0,"href":"https:\/\/rebruk.ee\/no\/wp-json\/wp\/v2\/pages\/921\/revisions"}],"up":[{"embeddable":true,"href":"https:\/\/rebruk.ee\/no\/wp-json\/wp\/v2\/pages\/917"}],"wp:attachment":[{"href":"https:\/\/rebruk.ee\/no\/wp-json\/wp\/v2\/media?parent=921"}],"curies":[{"name":"wp","href":"https:\/\/api.w.org\/{rel}","templated":true}]}}