{"id":917,"date":"2022-08-30T12:15:54","date_gmt":"2022-08-30T12:15:54","guid":{"rendered":"https:\/\/rebruk.ee\/spike-plate-takstoler\/"},"modified":"2023-05-08T08:20:35","modified_gmt":"2023-05-08T08:20:35","slug":"spike-plate-takstoler","status":"publish","type":"page","link":"https:\/\/rebruk.ee\/no\/spike-plate-takstoler\/","title":{"rendered":"Spike plate takstoler"},"content":{"rendered":"\t\t<div data-elementor-type=\"wp-page\" data-elementor-id=\"917\" class=\"elementor elementor-917 elementor-26\" data-elementor-post-type=\"page\">\n\t\t\t\t\t\t<section class=\"elementor-section elementor-top-section elementor-element elementor-element-362107b animated-slow elementor-section-boxed elementor-section-height-default elementor-section-height-default elementor-invisible\" data-id=\"362107b\" data-element_type=\"section\" data-settings=\"{&quot;animation&quot;:&quot;fadeIn&quot;}\">\n\t\t\t\t\t\t<div class=\"elementor-container elementor-column-gap-no\">\n\t\t\t\t\t<div class=\"elementor-column elementor-col-100 elementor-top-column elementor-element elementor-element-4e2fce11\" data-id=\"4e2fce11\" data-element_type=\"column\">\n\t\t\t<div class=\"elementor-widget-wrap elementor-element-populated\">\n\t\t\t\t\t\t<div class=\"elementor-element elementor-element-7bfea518 elementor-widget elementor-widget-heading\" data-id=\"7bfea518\" data-element_type=\"widget\" data-widget_type=\"heading.default\">\n\t\t\t\t<div class=\"elementor-widget-container\">\n\t\t\t\t\t<h1 class=\"elementor-heading-title elementor-size-default\">Spike plate takstoler<\/h1>\t\t\t\t<\/div>\n\t\t\t\t<\/div>\n\t\t\t\t<div class=\"elementor-element elementor-element-aebe853 elementor-widget elementor-widget-text-editor\" data-id=\"aebe853\" data-element_type=\"widget\" data-widget_type=\"text-editor.default\">\n\t\t\t\t<div class=\"elementor-widget-container\">\n\t\t\t\t\t\t\t\t\t<p>Begynnelsen av produksjonen av O\u00dc Rebruk GH fagverksb\u00e6rere g\u00e5r tilbake til 1993, da v\u00e5re samarbeidspartnere fra Norge \u00f8nsket \u00e5 forbedre produsentens komplette garasjel\u00f8sning p\u00e5 grunn av den kraftige \u00f8kningen i markedets ettersp\u00f8rsel etter garasjer laget av treelementer.<\/p>\n<p>Faste b\u00e6rere med en helningsvinkel p\u00e5 22\u00b0 og 30\u00b0 ble standardprodukter.<\/p>\n<p>I dag produserer vi takstoler etter standarden: EVS-EN 14250:2010. Takstoler produseres i et moderne produksjonsverksted, som har v\u00e6rt i drift siden 2006. fra august.<\/p>\n\t\t\t\t\t\t\t\t<\/div>\n\t\t\t\t<\/div>\n\t\t\t\t<div class=\"elementor-element elementor-element-032a946 elementor-widget elementor-widget-toggle\" data-id=\"032a946\" data-element_type=\"widget\" data-widget_type=\"toggle.default\">\n\t\t\t\t<div class=\"elementor-widget-container\">\n\t\t\t\t\t\t\t<div class=\"elementor-toggle\">\n\t\t\t\t\t\t\t<div class=\"elementor-toggle-item\">\n\t\t\t\t\t<div id=\"elementor-tab-title-3321\" class=\"elementor-tab-title\" data-tab=\"1\" role=\"button\" aria-controls=\"elementor-tab-content-3321\" aria-expanded=\"false\">\n\t\t\t\t\t\t\t\t\t\t\t\t<span class=\"elementor-toggle-icon elementor-toggle-icon-left\" aria-hidden=\"true\">\n\t\t\t\t\t\t\t\t\t\t\t\t\t\t\t<span class=\"elementor-toggle-icon-closed\"><i class=\"fas fa-caret-right\"><\/i><\/span>\n\t\t\t\t\t\t\t\t<span class=\"elementor-toggle-icon-opened\"><i class=\"elementor-toggle-icon-opened fas fa-caret-up\"><\/i><\/span>\n\t\t\t\t\t\t\t\t\t\t\t\t\t<\/span>\n\t\t\t\t\t\t\t\t\t\t\t\t<a class=\"elementor-toggle-title\" tabindex=\"0\">Gjennomf\u00f8ringstid<\/a>\n\t\t\t\t\t<\/div>\n\n\t\t\t\t\t<div id=\"elementor-tab-content-3321\" class=\"elementor-tab-content elementor-clearfix\" data-tab=\"1\" role=\"region\" aria-labelledby=\"elementor-tab-title-3321\"><p>Takstoler tar opptil en uke \u00e5 produsere, avhengig av st\u00f8rrelsen og spesifikasjonene til bestillingen.<\/p>\n<\/div>\n\t\t\t\t<\/div>\n\t\t\t\t\t\t\t<div class=\"elementor-toggle-item\">\n\t\t\t\t\t<div id=\"elementor-tab-title-3322\" class=\"elementor-tab-title\" data-tab=\"2\" role=\"button\" aria-controls=\"elementor-tab-content-3322\" aria-expanded=\"false\">\n\t\t\t\t\t\t\t\t\t\t\t\t<span class=\"elementor-toggle-icon elementor-toggle-icon-left\" aria-hidden=\"true\">\n\t\t\t\t\t\t\t\t\t\t\t\t\t\t\t<span class=\"elementor-toggle-icon-closed\"><i class=\"fas fa-caret-right\"><\/i><\/span>\n\t\t\t\t\t\t\t\t<span class=\"elementor-toggle-icon-opened\"><i class=\"elementor-toggle-icon-opened fas fa-caret-up\"><\/i><\/span>\n\t\t\t\t\t\t\t\t\t\t\t\t\t<\/span>\n\t\t\t\t\t\t\t\t\t\t\t\t<a class=\"elementor-toggle-title\" tabindex=\"0\">Garanti<\/a>\n\t\t\t\t\t<\/div>\n\n\t\t\t\t\t<div id=\"elementor-tab-content-3322\" class=\"elementor-tab-content elementor-clearfix\" data-tab=\"2\" role=\"region\" aria-labelledby=\"elementor-tab-title-3322\"><p>Alle g\u00e5rder har en produsentgaranti p\u00e5 inntil 2 \u00e5r.<\/p>\n<\/div>\n\t\t\t\t<\/div>\n\t\t\t\t\t\t\t<div class=\"elementor-toggle-item\">\n\t\t\t\t\t<div id=\"elementor-tab-title-3323\" class=\"elementor-tab-title\" data-tab=\"3\" role=\"button\" aria-controls=\"elementor-tab-content-3323\" aria-expanded=\"false\">\n\t\t\t\t\t\t\t\t\t\t\t\t<span class=\"elementor-toggle-icon elementor-toggle-icon-left\" aria-hidden=\"true\">\n\t\t\t\t\t\t\t\t\t\t\t\t\t\t\t<span class=\"elementor-toggle-icon-closed\"><i class=\"fas fa-caret-right\"><\/i><\/span>\n\t\t\t\t\t\t\t\t<span class=\"elementor-toggle-icon-opened\"><i class=\"elementor-toggle-icon-opened fas fa-caret-up\"><\/i><\/span>\n\t\t\t\t\t\t\t\t\t\t\t\t\t<\/span>\n\t\t\t\t\t\t\t\t\t\t\t\t<a class=\"elementor-toggle-title\" tabindex=\"0\">Transport<\/a>\n\t\t\t\t\t<\/div>\n\n\t\t\t\t\t<div id=\"elementor-tab-content-3323\" class=\"elementor-tab-content elementor-clearfix\" data-tab=\"3\" role=\"region\" aria-labelledby=\"elementor-tab-title-3323\"><p>Transport innen Estland opptil en uke, utenlands 2-3 uker avhengig av lokasjon.<\/p>\n<\/div>\n\t\t\t\t<\/div>\n\t\t\t\t\t\t\t<div class=\"elementor-toggle-item\">\n\t\t\t\t\t<div id=\"elementor-tab-title-3324\" class=\"elementor-tab-title\" data-tab=\"4\" role=\"button\" aria-controls=\"elementor-tab-content-3324\" aria-expanded=\"false\">\n\t\t\t\t\t\t\t\t\t\t\t\t<span class=\"elementor-toggle-icon elementor-toggle-icon-left\" aria-hidden=\"true\">\n\t\t\t\t\t\t\t\t\t\t\t\t\t\t\t<span class=\"elementor-toggle-icon-closed\"><i class=\"fas fa-caret-right\"><\/i><\/span>\n\t\t\t\t\t\t\t\t<span class=\"elementor-toggle-icon-opened\"><i class=\"elementor-toggle-icon-opened fas fa-caret-up\"><\/i><\/span>\n\t\t\t\t\t\t\t\t\t\t\t\t\t<\/span>\n\t\t\t\t\t\t\t\t\t\t\t\t<a class=\"elementor-toggle-title\" tabindex=\"0\">Mulighet for etterbetaling<\/a>\n\t\t\t\t\t<\/div>\n\n\t\t\t\t\t<div id=\"elementor-tab-content-3324\" class=\"elementor-tab-content elementor-clearfix\" data-tab=\"4\" role=\"region\" aria-labelledby=\"elementor-tab-title-3324\"><p>Delbetaling er mulig for bestillinger fra 10 000 euro.<\/p>\n<\/div>\n\t\t\t\t<\/div>\n\t\t\t\t\t\t\t\t<\/div>\n\t\t\t\t\t\t<\/div>\n\t\t\t\t<\/div>\n\t\t\t\t<div class=\"elementor-element elementor-element-dc94254 elementor-align-left elementor-widget elementor-widget-button\" data-id=\"dc94254\" data-element_type=\"widget\" data-widget_type=\"button.default\">\n\t\t\t\t<div class=\"elementor-widget-container\">\n\t\t\t\t\t\t\t\t\t<div class=\"elementor-button-wrapper\">\n\t\t\t\t\t<a class=\"elementor-button elementor-button-link elementor-size-md\" href=\"https:\/\/rebruk.ee\/no\/ta-kontakt-med\/\">\n\t\t\t\t\t\t<span class=\"elementor-button-content-wrapper\">\n\t\t\t\t\t\t<span class=\"elementor-button-icon\">\n\t\t\t\t<i aria-hidden=\"true\" class=\"far fa-caret-square-right\"><\/i>\t\t\t<\/span>\n\t\t\t\t\t\t\t\t\t<span class=\"elementor-button-text\">Kontakt oss og be om et tilbud<\/span>\n\t\t\t\t\t<\/span>\n\t\t\t\t\t<\/a>\n\t\t\t\t<\/div>\n\t\t\t\t\t\t\t\t<\/div>\n\t\t\t\t<\/div>\n\t\t\t\t\t<\/div>\n\t\t<\/div>\n\t\t\t\t\t<\/div>\n\t\t<\/section>\n\t\t\t\t<section class=\"elementor-section elementor-top-section elementor-element elementor-element-c12dfbd elementor-section-boxed elementor-section-height-default elementor-section-height-default elementor-invisible\" data-id=\"c12dfbd\" data-element_type=\"section\" data-settings=\"{&quot;animation&quot;:&quot;fadeIn&quot;}\">\n\t\t\t\t\t\t<div class=\"elementor-container elementor-column-gap-no\">\n\t\t\t\t\t<div class=\"elementor-column elementor-col-100 elementor-top-column elementor-element elementor-element-139f423\" data-id=\"139f423\" data-element_type=\"column\">\n\t\t\t<div class=\"elementor-widget-wrap elementor-element-populated\">\n\t\t\t\t\t\t<div class=\"elementor-element elementor-element-d238aa5 gallery-spacing-custom elementor-widget elementor-widget-image-gallery\" data-id=\"d238aa5\" data-element_type=\"widget\" data-widget_type=\"image-gallery.default\">\n\t\t\t\t<div class=\"elementor-widget-container\">\n\t\t\t\t\t\t\t<div class=\"elementor-image-gallery\">\n\t\t\t<div id='gallery-1' class='gallery galleryid-917 gallery-columns-2 gallery-size-medium_large'><figure class='gallery-item'>\n\t\t\t<div class='gallery-icon landscape'>\n\t\t\t\t<a data-elementor-open-lightbox=\"yes\" data-elementor-lightbox-slideshow=\"d238aa5\" data-e-action-hash=\"#elementor-action%3Aaction%3Dlightbox%26settings%3DeyJpZCI6NzcxLCJ1cmwiOiJodHRwczpcL1wvcmVicnVrLmVlXC93cC1jb250ZW50XC91cGxvYWRzXC8yMDIyXC8wOVwvRFNDTjUyOTkuanBnIiwic2xpZGVzaG93IjoiZDIzOGFhNSJ9\" href='https:\/\/rebruk.ee\/wp-content\/uploads\/2022\/09\/DSCN5299.jpg'><img fetchpriority=\"high\" decoding=\"async\" width=\"768\" height=\"576\" src=\"https:\/\/rebruk.ee\/wp-content\/uploads\/2022\/09\/DSCN5299-768x576.jpg\" class=\"attachment-medium_large size-medium_large\" alt=\"Katusefermid, ogaplaatfermid, fermid\" srcset=\"https:\/\/rebruk.ee\/wp-content\/uploads\/2022\/09\/DSCN5299-768x576.jpg 768w, https:\/\/rebruk.ee\/wp-content\/uploads\/2022\/09\/DSCN5299-300x225.jpg 300w, https:\/\/rebruk.ee\/wp-content\/uploads\/2022\/09\/DSCN5299-1024x768.jpg 1024w, https:\/\/rebruk.ee\/wp-content\/uploads\/2022\/09\/DSCN5299-1536x1152.jpg 1536w, https:\/\/rebruk.ee\/wp-content\/uploads\/2022\/09\/DSCN5299-2048x1536.jpg 2048w\" sizes=\"(max-width: 768px) 100vw, 768px\" \/><\/a>\n\t\t\t<\/div><\/figure><figure class='gallery-item'>\n\t\t\t<div class='gallery-icon landscape'>\n\t\t\t\t<a data-elementor-open-lightbox=\"yes\" data-elementor-lightbox-slideshow=\"d238aa5\" data-e-action-hash=\"#elementor-action%3Aaction%3Dlightbox%26settings%3DeyJpZCI6NzY5LCJ1cmwiOiJodHRwczpcL1wvcmVicnVrLmVlXC93cC1jb250ZW50XC91cGxvYWRzXC8yMDIyXC8wOVwvRFNDTjUzMDIuanBnIiwic2xpZGVzaG93IjoiZDIzOGFhNSJ9\" href='https:\/\/rebruk.ee\/wp-content\/uploads\/2022\/09\/DSCN5302.jpg'><img decoding=\"async\" width=\"768\" height=\"576\" src=\"https:\/\/rebruk.ee\/wp-content\/uploads\/2022\/09\/DSCN5302-768x576.jpg\" class=\"attachment-medium_large size-medium_large\" alt=\"Katusefermid, ogaplaatfermid, fermid\" srcset=\"https:\/\/rebruk.ee\/wp-content\/uploads\/2022\/09\/DSCN5302-768x576.jpg 768w, https:\/\/rebruk.ee\/wp-content\/uploads\/2022\/09\/DSCN5302-300x225.jpg 300w, https:\/\/rebruk.ee\/wp-content\/uploads\/2022\/09\/DSCN5302-1024x768.jpg 1024w, https:\/\/rebruk.ee\/wp-content\/uploads\/2022\/09\/DSCN5302-1536x1152.jpg 1536w, https:\/\/rebruk.ee\/wp-content\/uploads\/2022\/09\/DSCN5302-2048x1536.jpg 2048w\" sizes=\"(max-width: 768px) 100vw, 768px\" \/><\/a>\n\t\t\t<\/div><\/figure><figure class='gallery-item'>\n\t\t\t<div class='gallery-icon landscape'>\n\t\t\t\t<a data-elementor-open-lightbox=\"yes\" data-elementor-lightbox-slideshow=\"d238aa5\" data-e-action-hash=\"#elementor-action%3Aaction%3Dlightbox%26settings%3DeyJpZCI6NzY3LCJ1cmwiOiJodHRwczpcL1wvcmVicnVrLmVlXC93cC1jb250ZW50XC91cGxvYWRzXC8yMDIyXC8wOVwvRFNDTjUyOTguanBnIiwic2xpZGVzaG93IjoiZDIzOGFhNSJ9\" href='https:\/\/rebruk.ee\/wp-content\/uploads\/2022\/09\/DSCN5298.jpg'><img decoding=\"async\" width=\"768\" height=\"576\" src=\"https:\/\/rebruk.ee\/wp-content\/uploads\/2022\/09\/DSCN5298-768x576.jpg\" class=\"attachment-medium_large size-medium_large\" alt=\"Katusefermid, ogaplaatfermid, fermid\" srcset=\"https:\/\/rebruk.ee\/wp-content\/uploads\/2022\/09\/DSCN5298-768x576.jpg 768w, https:\/\/rebruk.ee\/wp-content\/uploads\/2022\/09\/DSCN5298-300x225.jpg 300w, https:\/\/rebruk.ee\/wp-content\/uploads\/2022\/09\/DSCN5298-1024x768.jpg 1024w, https:\/\/rebruk.ee\/wp-content\/uploads\/2022\/09\/DSCN5298-1536x1152.jpg 1536w, https:\/\/rebruk.ee\/wp-content\/uploads\/2022\/09\/DSCN5298-2048x1536.jpg 2048w\" sizes=\"(max-width: 768px) 100vw, 768px\" \/><\/a>\n\t\t\t<\/div><\/figure><figure class='gallery-item'>\n\t\t\t<div class='gallery-icon landscape'>\n\t\t\t\t<a data-elementor-open-lightbox=\"yes\" data-elementor-lightbox-slideshow=\"d238aa5\" data-e-action-hash=\"#elementor-action%3Aaction%3Dlightbox%26settings%3DeyJpZCI6NzY1LCJ1cmwiOiJodHRwczpcL1wvcmVicnVrLmVlXC93cC1jb250ZW50XC91cGxvYWRzXC8yMDIyXC8wOVwvRFNDTjUyOTcuanBnIiwic2xpZGVzaG93IjoiZDIzOGFhNSJ9\" href='https:\/\/rebruk.ee\/wp-content\/uploads\/2022\/09\/DSCN5297.jpg'><img loading=\"lazy\" decoding=\"async\" width=\"768\" height=\"576\" src=\"https:\/\/rebruk.ee\/wp-content\/uploads\/2022\/09\/DSCN5297-768x576.jpg\" class=\"attachment-medium_large size-medium_large\" alt=\"Katusefermid, ogaplaatfermid, fermid\" srcset=\"https:\/\/rebruk.ee\/wp-content\/uploads\/2022\/09\/DSCN5297-768x576.jpg 768w, https:\/\/rebruk.ee\/wp-content\/uploads\/2022\/09\/DSCN5297-300x225.jpg 300w, https:\/\/rebruk.ee\/wp-content\/uploads\/2022\/09\/DSCN5297-1024x768.jpg 1024w, https:\/\/rebruk.ee\/wp-content\/uploads\/2022\/09\/DSCN5297-1536x1152.jpg 1536w, https:\/\/rebruk.ee\/wp-content\/uploads\/2022\/09\/DSCN5297-2048x1536.jpg 2048w\" sizes=\"(max-width: 768px) 100vw, 768px\" \/><\/a>\n\t\t\t<\/div><\/figure>\n\t\t<\/div>\n\t\t<\/div>\n\t\t\t\t\t\t<\/div>\n\t\t\t\t<\/div>\n\t\t\t\t\t<\/div>\n\t\t<\/div>\n\t\t\t\t\t<\/div>\n\t\t<\/section>\n\t\t\t\t<section class=\"elementor-section elementor-top-section elementor-element elementor-element-15a0007 animated-slow elementor-section-boxed elementor-section-height-default elementor-section-height-default elementor-invisible\" data-id=\"15a0007\" data-element_type=\"section\" data-settings=\"{&quot;animation&quot;:&quot;fadeIn&quot;}\">\n\t\t\t\t\t\t<div class=\"elementor-container elementor-column-gap-no\">\n\t\t\t\t\t<div class=\"elementor-column elementor-col-100 elementor-top-column elementor-element elementor-element-a942f85\" data-id=\"a942f85\" data-element_type=\"column\">\n\t\t\t<div class=\"elementor-widget-wrap elementor-element-populated\">\n\t\t\t\t\t\t<div class=\"elementor-element elementor-element-bdf91de elementor-widget elementor-widget-image\" data-id=\"bdf91de\" data-element_type=\"widget\" data-widget_type=\"image.default\">\n\t\t\t\t<div class=\"elementor-widget-container\">\n\t\t\t\t\t\t\t\t\t\t\t\t\t\t\t<img loading=\"lazy\" decoding=\"async\" width=\"1241\" height=\"1755\" src=\"https:\/\/rebruk.ee\/wp-content\/uploads\/2023\/05\/Certificate-PC-CPR-EN-14250-Rebruk-GH-OU-0022-v3-1_page-0001-1.jpg\" class=\"attachment-full size-full wp-image-1553\" alt=\"\" srcset=\"https:\/\/rebruk.ee\/wp-content\/uploads\/2023\/05\/Certificate-PC-CPR-EN-14250-Rebruk-GH-OU-0022-v3-1_page-0001-1.jpg 1241w, https:\/\/rebruk.ee\/wp-content\/uploads\/2023\/05\/Certificate-PC-CPR-EN-14250-Rebruk-GH-OU-0022-v3-1_page-0001-1-212x300.jpg 212w, https:\/\/rebruk.ee\/wp-content\/uploads\/2023\/05\/Certificate-PC-CPR-EN-14250-Rebruk-GH-OU-0022-v3-1_page-0001-1-724x1024.jpg 724w, https:\/\/rebruk.ee\/wp-content\/uploads\/2023\/05\/Certificate-PC-CPR-EN-14250-Rebruk-GH-OU-0022-v3-1_page-0001-1-768x1086.jpg 768w, https:\/\/rebruk.ee\/wp-content\/uploads\/2023\/05\/Certificate-PC-CPR-EN-14250-Rebruk-GH-OU-0022-v3-1_page-0001-1-1086x1536.jpg 1086w\" sizes=\"(max-width: 1241px) 100vw, 1241px\" \/>\t\t\t\t\t\t\t\t\t\t\t\t\t\t\t<\/div>\n\t\t\t\t<\/div>\n\t\t\t\t\t<\/div>\n\t\t<\/div>\n\t\t\t\t\t<\/div>\n\t\t<\/section>\n\t\t\t\t<\/div>\n\t\t","protected":false},"excerpt":{"rendered":"<p>Spike plate takstoler Begynnelsen av produksjonen av O\u00dc Rebruk GH fagverksb\u00e6rere g\u00e5r tilbake til 1993, da v\u00e5re samarbeidspartnere fra Norge \u00f8nsket \u00e5 forbedre produsentens komplette garasjel\u00f8sning p\u00e5 grunn av den kraftige \u00f8kningen i markedets ettersp\u00f8rsel etter garasjer laget av treelementer. Faste b\u00e6rere med en helningsvinkel p\u00e5 22\u00b0 og 30\u00b0 ble standardprodukter. I dag produserer vi [&hellip;]<\/p>\n","protected":false},"author":1,"featured_media":0,"parent":0,"menu_order":0,"comment_status":"closed","ping_status":"closed","template":"elementor_header_footer","meta":{"footnotes":""},"class_list":["post-917","page","type-page","status-publish","hentry"],"_links":{"self":[{"href":"https:\/\/rebruk.ee\/no\/wp-json\/wp\/v2\/pages\/917","targetHints":{"allow":["GET"]}}],"collection":[{"href":"https:\/\/rebruk.ee\/no\/wp-json\/wp\/v2\/pages"}],"about":[{"href":"https:\/\/rebruk.ee\/no\/wp-json\/wp\/v2\/types\/page"}],"author":[{"embeddable":true,"href":"https:\/\/rebruk.ee\/no\/wp-json\/wp\/v2\/users\/1"}],"replies":[{"embeddable":true,"href":"https:\/\/rebruk.ee\/no\/wp-json\/wp\/v2\/comments?post=917"}],"version-history":[{"count":1,"href":"https:\/\/rebruk.ee\/no\/wp-json\/wp\/v2\/pages\/917\/revisions"}],"predecessor-version":[{"id":1560,"href":"https:\/\/rebruk.ee\/no\/wp-json\/wp\/v2\/pages\/917\/revisions\/1560"}],"wp:attachment":[{"href":"https:\/\/rebruk.ee\/no\/wp-json\/wp\/v2\/media?parent=917"}],"curies":[{"name":"wp","href":"https:\/\/api.w.org\/{rel}","templated":true}]}}