{"id":913,"date":"2022-08-30T12:19:01","date_gmt":"2022-08-30T12:19:01","guid":{"rendered":"https:\/\/rebruk.ee\/soppelhus\/"},"modified":"2022-09-26T15:18:51","modified_gmt":"2022-09-26T15:18:51","slug":"soppelhus","status":"publish","type":"page","link":"https:\/\/rebruk.ee\/no\/soppelhus\/","title":{"rendered":"S\u00f8ppelhus"},"content":{"rendered":"\t\t<div data-elementor-type=\"wp-page\" data-elementor-id=\"913\" class=\"elementor elementor-913 elementor-34\" data-elementor-post-type=\"page\">\n\t\t\t\t\t\t<section class=\"elementor-section elementor-top-section elementor-element elementor-element-5df40755 animated-slow elementor-section-boxed elementor-section-height-default elementor-section-height-default elementor-invisible\" data-id=\"5df40755\" data-element_type=\"section\" data-settings=\"{&quot;animation&quot;:&quot;fadeIn&quot;}\">\n\t\t\t\t\t\t<div class=\"elementor-container elementor-column-gap-no\">\n\t\t\t\t\t<div class=\"elementor-column elementor-col-100 elementor-top-column elementor-element elementor-element-6e457f04\" data-id=\"6e457f04\" data-element_type=\"column\">\n\t\t\t<div class=\"elementor-widget-wrap elementor-element-populated\">\n\t\t\t\t\t\t<div class=\"elementor-element elementor-element-36d41edb elementor-widget elementor-widget-heading\" data-id=\"36d41edb\" data-element_type=\"widget\" data-widget_type=\"heading.default\">\n\t\t\t\t<div class=\"elementor-widget-container\">\n\t\t\t\t\t<h1 class=\"elementor-heading-title elementor-size-default\">S\u00f8ppelhus<\/h1>\t\t\t\t<\/div>\n\t\t\t\t<\/div>\n\t\t\t\t<div class=\"elementor-element elementor-element-23ec9b08 elementor-widget elementor-widget-text-editor\" data-id=\"23ec9b08\" data-element_type=\"widget\" data-widget_type=\"text-editor.default\">\n\t\t\t\t<div class=\"elementor-widget-container\">\n\t\t\t\t\t\t\t\t\t<p>Behovet for s\u00f8ppelplass oppst\u00e5r n\u00e5r avfall samles p\u00e5 en sortert m\u00e5te.<\/p>\n<p>Ved \u00e5 gruppere avfallsbeholderne i et eget bygg, blir det generelle visuelle bildet av tomten bedre, samtidig som den l\u00e5sbare s\u00f8ppelcontaineren hindrer u\u00f8nskede gjester og fremmedavfall i \u00e5 komme inn i beholderen.<\/p>\n<p>Vi produserer avfallshus p\u00e5 spesialbestillingsbasis, da behovene til kundene er forskjellige. Vi tilpasser konstruksjonen av hvert bygg for seg etter behov og tomtens arkitektur.<\/p>\n<p>Det er mulig \u00e5 bestille avfallshus hos oss b\u00e5de til private hus og leilighetsbygg.<\/p>\n<p>Hvis du \u00f8nsker det, vil vi gravere et nummer, navn eller logo p\u00e5 veggen av s\u00f8ppelcontaineren uten ekstra kostnad.<\/p>\n\t\t\t\t\t\t\t\t<\/div>\n\t\t\t\t<\/div>\n\t\t\t\t<div class=\"elementor-element elementor-element-d049dd7 elementor-widget elementor-widget-toggle\" data-id=\"d049dd7\" data-element_type=\"widget\" data-widget_type=\"toggle.default\">\n\t\t\t\t<div class=\"elementor-widget-container\">\n\t\t\t\t\t\t\t<div class=\"elementor-toggle\">\n\t\t\t\t\t\t\t<div class=\"elementor-toggle-item\">\n\t\t\t\t\t<div id=\"elementor-tab-title-2181\" class=\"elementor-tab-title\" data-tab=\"1\" role=\"button\" aria-controls=\"elementor-tab-content-2181\" aria-expanded=\"false\">\n\t\t\t\t\t\t\t\t\t\t\t\t<span class=\"elementor-toggle-icon elementor-toggle-icon-left\" aria-hidden=\"true\">\n\t\t\t\t\t\t\t\t\t\t\t\t\t\t\t<span class=\"elementor-toggle-icon-closed\"><i class=\"fas fa-caret-right\"><\/i><\/span>\n\t\t\t\t\t\t\t\t<span class=\"elementor-toggle-icon-opened\"><i class=\"elementor-toggle-icon-opened fas fa-caret-up\"><\/i><\/span>\n\t\t\t\t\t\t\t\t\t\t\t\t\t<\/span>\n\t\t\t\t\t\t\t\t\t\t\t\t<a class=\"elementor-toggle-title\" tabindex=\"0\">Gjennomf\u00f8ringstid<\/a>\n\t\t\t\t\t<\/div>\n\n\t\t\t\t\t<div id=\"elementor-tab-content-2181\" class=\"elementor-tab-content elementor-clearfix\" data-tab=\"1\" role=\"region\" aria-labelledby=\"elementor-tab-title-2181\"><p>Det tar vanligvis noen dager \u00e5 lage en s\u00f8ppelcontainer, avhengig av st\u00f8rrelsen og spesifikasjonene til s\u00f8ppelcontaineren. Inkludert montering av takstoler i inntil en uke.<\/p>\n<\/div>\n\t\t\t\t<\/div>\n\t\t\t\t\t\t\t<div class=\"elementor-toggle-item\">\n\t\t\t\t\t<div id=\"elementor-tab-title-2182\" class=\"elementor-tab-title\" data-tab=\"2\" role=\"button\" aria-controls=\"elementor-tab-content-2182\" aria-expanded=\"false\">\n\t\t\t\t\t\t\t\t\t\t\t\t<span class=\"elementor-toggle-icon elementor-toggle-icon-left\" aria-hidden=\"true\">\n\t\t\t\t\t\t\t\t\t\t\t\t\t\t\t<span class=\"elementor-toggle-icon-closed\"><i class=\"fas fa-caret-right\"><\/i><\/span>\n\t\t\t\t\t\t\t\t<span class=\"elementor-toggle-icon-opened\"><i class=\"elementor-toggle-icon-opened fas fa-caret-up\"><\/i><\/span>\n\t\t\t\t\t\t\t\t\t\t\t\t\t<\/span>\n\t\t\t\t\t\t\t\t\t\t\t\t<a class=\"elementor-toggle-title\" tabindex=\"0\">Garanti<\/a>\n\t\t\t\t\t<\/div>\n\n\t\t\t\t\t<div id=\"elementor-tab-content-2182\" class=\"elementor-tab-content elementor-clearfix\" data-tab=\"2\" role=\"region\" aria-labelledby=\"elementor-tab-title-2182\"><p>For alle s\u00f8ppelcontainere er produsentens garanti gyldig i inntil 2 \u00e5r.<\/p>\n<\/div>\n\t\t\t\t<\/div>\n\t\t\t\t\t\t\t<div class=\"elementor-toggle-item\">\n\t\t\t\t\t<div id=\"elementor-tab-title-2183\" class=\"elementor-tab-title\" data-tab=\"3\" role=\"button\" aria-controls=\"elementor-tab-content-2183\" aria-expanded=\"false\">\n\t\t\t\t\t\t\t\t\t\t\t\t<span class=\"elementor-toggle-icon elementor-toggle-icon-left\" aria-hidden=\"true\">\n\t\t\t\t\t\t\t\t\t\t\t\t\t\t\t<span class=\"elementor-toggle-icon-closed\"><i class=\"fas fa-caret-right\"><\/i><\/span>\n\t\t\t\t\t\t\t\t<span class=\"elementor-toggle-icon-opened\"><i class=\"elementor-toggle-icon-opened fas fa-caret-up\"><\/i><\/span>\n\t\t\t\t\t\t\t\t\t\t\t\t\t<\/span>\n\t\t\t\t\t\t\t\t\t\t\t\t<a class=\"elementor-toggle-title\" tabindex=\"0\">Transport<\/a>\n\t\t\t\t\t<\/div>\n\n\t\t\t\t\t<div id=\"elementor-tab-content-2183\" class=\"elementor-tab-content elementor-clearfix\" data-tab=\"3\" role=\"region\" aria-labelledby=\"elementor-tab-title-2183\"><p>Transport innen Estland opptil en uke, utenlands 2-3 uker avhengig av lokasjon.<\/p>\n<\/div>\n\t\t\t\t<\/div>\n\t\t\t\t\t\t\t<div class=\"elementor-toggle-item\">\n\t\t\t\t\t<div id=\"elementor-tab-title-2184\" class=\"elementor-tab-title\" data-tab=\"4\" role=\"button\" aria-controls=\"elementor-tab-content-2184\" aria-expanded=\"false\">\n\t\t\t\t\t\t\t\t\t\t\t\t<span class=\"elementor-toggle-icon elementor-toggle-icon-left\" aria-hidden=\"true\">\n\t\t\t\t\t\t\t\t\t\t\t\t\t\t\t<span class=\"elementor-toggle-icon-closed\"><i class=\"fas fa-caret-right\"><\/i><\/span>\n\t\t\t\t\t\t\t\t<span class=\"elementor-toggle-icon-opened\"><i class=\"elementor-toggle-icon-opened fas fa-caret-up\"><\/i><\/span>\n\t\t\t\t\t\t\t\t\t\t\t\t\t<\/span>\n\t\t\t\t\t\t\t\t\t\t\t\t<a class=\"elementor-toggle-title\" tabindex=\"0\">Mulighet for etterbetaling<\/a>\n\t\t\t\t\t<\/div>\n\n\t\t\t\t\t<div id=\"elementor-tab-content-2184\" class=\"elementor-tab-content elementor-clearfix\" data-tab=\"4\" role=\"region\" aria-labelledby=\"elementor-tab-title-2184\"><p>Delbetaling er mulig for bestillinger fra 10 000 euro. For mer informasjon, vennligst kontakt oss.<\/p>\n<\/div>\n\t\t\t\t<\/div>\n\t\t\t\t\t\t\t<div class=\"elementor-toggle-item\">\n\t\t\t\t\t<div id=\"elementor-tab-title-2185\" class=\"elementor-tab-title\" data-tab=\"5\" role=\"button\" aria-controls=\"elementor-tab-content-2185\" aria-expanded=\"false\">\n\t\t\t\t\t\t\t\t\t\t\t\t<span class=\"elementor-toggle-icon elementor-toggle-icon-left\" aria-hidden=\"true\">\n\t\t\t\t\t\t\t\t\t\t\t\t\t\t\t<span class=\"elementor-toggle-icon-closed\"><i class=\"fas fa-caret-right\"><\/i><\/span>\n\t\t\t\t\t\t\t\t<span class=\"elementor-toggle-icon-opened\"><i class=\"elementor-toggle-icon-opened fas fa-caret-up\"><\/i><\/span>\n\t\t\t\t\t\t\t\t\t\t\t\t\t<\/span>\n\t\t\t\t\t\t\t\t\t\t\t\t<a class=\"elementor-toggle-title\" tabindex=\"0\">Vedlikeholdsinformasjon<\/a>\n\t\t\t\t\t<\/div>\n\n\t\t\t\t\t<div id=\"elementor-tab-content-2185\" class=\"elementor-tab-content elementor-clearfix\" data-tab=\"5\" role=\"region\" aria-labelledby=\"elementor-tab-title-2185\"><p><strong>GENERELT<\/strong><\/p>\n<p>Malingen beskytter treoverflaten mot v\u00e6ret, reduserer fuktskader p\u00e5 treet og forlenger levetiden til konstruksjonene. En malt og godt vedlikeholdt s\u00f8ppelcontainer er motstandsdyktig mot tid og v\u00e6r. Riktig utf\u00f8rt maling og et riktig str\u00f8k med maling vil holde seg rene og beholde sin fargetone, og dermed holde husets utseende eksemplarisk.<\/p>\n<p><strong>FARGINGSBETINGELSER<\/strong><\/p>\n<p>Overflaten som skal males m\u00e5 v\u00e6re t\u00f8rr. Trefuktighet maksimalt 20 % av treets t\u00f8rrvekt. Under maling og t\u00f8rking m\u00e5 temperaturen p\u00e5 luft, overflate og maling v\u00e6re over +5 \u00b0C og relativ luftfuktighet under 80 %. Jo t\u00f8rrere treoverflaten som skal behandles, jo bedre absorberes belegget og jo lenger varer det og beskytter.<\/p>\n<p><strong>PASSENDE V\u00c6R FOR MALING<\/strong><\/p>\n<p>Den beste tiden for maling er fra mai til september. Det ideelle v\u00e6ret for maling er en lang, overskyet, t\u00f8rr midtsommerdag, men avhengig av v\u00e6rforholdene kan huset males til andre tider ogs\u00e5.<\/p>\n<p>For mye fuktighet reduserer malingens vedheft, og dugg som faller p\u00e5 den malte overflaten kan bety et nytt maleri. Etter regn eller vask m\u00e5 overflaten som skal males f\u00e5 t\u00f8rke helt f\u00f8r man begynner \u00e5 male. Vanligvis er minimumstemperaturen for utvendig maling +5 \u00b0C og det beste omr\u00e5det er +10 &#8211; +30 \u00b0C. Temperaturen m\u00e5 ikke falle under +5 \u00b0C selv under t\u00f8rking.<\/p>\n<p><strong>FORARBEID<\/strong><\/p>\n<p>Forarbeid m\u00e5 gj\u00f8res i god tid f\u00f8r arbeidet starter.<\/p>\n<p>Den endelige finishen b\u00f8r vurderes n\u00f8ye p\u00e5 forh\u00e5nd. For \u00e5 male store flater, for eksempel \u00e9n vegg, b\u00f8r n\u00f8dvendig mengde blandes sammen. Dette unng\u00e5r tonale forskjeller og synlige overganger. Overganger og fortsettelser b\u00f8r planlegges i diskontinuiteter som hj\u00f8rner, vinduskanter, lister m.m.<\/p>\n<p><strong>OVERFLATERENGJ\u00d8RING<\/strong><\/p>\n<p>Bytt ut skadede tredeler med nye. Hvis kniven g\u00e5r lett inn i treverket eller hvis det slipper gr\u00e5 spon fra treet, er treverket ikke egnet for maling.<\/p>\n<p>Fjern l\u00f8s og l\u00f8s maling med en skrape og st\u00e5lb\u00f8rste.<\/p>\n<p>Vask skitne og mugne overflater med RENSA FACADE fasaderens. Vaskemidlet p\u00e5f\u00f8res overflaten med en b\u00f8rste og skylles grundig med vann.<\/p>\n<p>Overdreven fukting av overflaten som skal males b\u00f8r unng\u00e5s.<\/p>\n<p>Fjern harpiksdr\u00e5pene fra treoverflaten f\u00f8r maling.<\/p>\n<p>Behandle treets endeflater med forsiktighet.<\/p>\n<p><strong>VASKEMIDLER<\/strong><\/p>\n<p>&#8211; b\u00f8rste med stilk<br \/>&#8211; vannslange eller h\u00f8ytrykkspyler<br \/>&#8211; malerens personlige verneutstyr<br \/>&#8211; en b\u00f8tte<br \/>&#8211; st\u00e5lb\u00f8rste, skrape<\/p>\n<p><strong>FARGEMEDEL<\/strong><\/p>\n<p>&#8211; en bred b\u00f8rste<br \/>&#8211; skikkelig stillas, bukker<br \/>&#8211; stammeforlengelse<br \/>&#8211; verneutstyr, for eksempel hansker, hodeskjerf<\/p>\n<p><strong>ARBEIDSREGLER<\/strong><\/p>\n<p>Gj\u00f8r forarbeid og beskytt andre overflater godt f\u00f8r maling.<\/p>\n<p>Vurder rekkef\u00f8lgen av malerarbeid p\u00e5 forh\u00e5nd. Vanligvis er fargen fra h\u00f8yre til venstre og topp til bunn, men dette kan endres i henhold til situasjonen. Unng\u00e5 \u00e5 male i direkte sollys. Pr\u00f8v \u00e5 organisere maleriet p\u00e5 en slik m\u00e5te at du kan v\u00e6re i skyggen mens du maler.<\/p>\n<p><strong>KNIPPER<\/strong><\/p>\n<p>Tremaling kan p\u00e5f\u00f8res overflaten med en rull eller pensel. Maling p\u00e5f\u00f8rt med rull m\u00e5 pensles over.<\/p>\n<p>Fagfolk bruker ofte en h\u00f8ytrykksspr\u00f8yte til maling. Med en spr\u00f8yte kan malingen raskt p\u00e5f\u00f8res overflaten, men den sprayede malingen m\u00e5 fortsatt pensles over veggen.<\/p>\n<p>Hvis du vil fortsette \u00e5 male dagen etter, kan du sette penslene i kj\u00f8leskapet over natten, s\u00e5 slipper du \u00e5 vaske verkt\u00f8yene.<\/p>\n<p>F\u00f8r du maler, hamr du spikerhodene dypere med t\u00e5rnet.<\/p>\n<p>Bland malingen godt til bunnen f\u00f8r du maler.<\/p>\n<p><strong>VASK AV VERKT\u00d8Y<\/strong><\/p>\n<p>Vask verkt\u00f8y f\u00f8rst med vann, l\u00f8semiddel eller vaskemiddel. Bruk vaskemiddel til slutt, da forblir b\u00f8rstebusten myk. Skyll til slutt med vann.<\/p>\n<p><strong>AVFALLSH\u00c5NDTERING<\/strong><\/p>\n<p>Produktet m\u00e5 ikke helles i kloakk, vannforekomster eller jord. Flytende rester tas med til oppsamlingsstedet for farlige stoffer. tom t\u00f8rket emballasje er resirkulerbar og egnet for vanlig s\u00f8ppelfylling eller metallinnsamlingssted.<\/p>\n<\/div>\n\t\t\t\t<\/div>\n\t\t\t\t\t\t\t<div class=\"elementor-toggle-item\">\n\t\t\t\t\t<div id=\"elementor-tab-title-2186\" class=\"elementor-tab-title\" data-tab=\"6\" role=\"button\" aria-controls=\"elementor-tab-content-2186\" aria-expanded=\"false\">\n\t\t\t\t\t\t\t\t\t\t\t\t<span class=\"elementor-toggle-icon elementor-toggle-icon-left\" aria-hidden=\"true\">\n\t\t\t\t\t\t\t\t\t\t\t\t\t\t\t<span class=\"elementor-toggle-icon-closed\"><i class=\"fas fa-caret-right\"><\/i><\/span>\n\t\t\t\t\t\t\t\t<span class=\"elementor-toggle-icon-opened\"><i class=\"elementor-toggle-icon-opened fas fa-caret-up\"><\/i><\/span>\n\t\t\t\t\t\t\t\t\t\t\t\t\t<\/span>\n\t\t\t\t\t\t\t\t\t\t\t\t<a class=\"elementor-toggle-title\" tabindex=\"0\">Tilleggstjenester<\/a>\n\t\t\t\t\t<\/div>\n\n\t\t\t\t\t<div id=\"elementor-tab-content-2186\" class=\"elementor-tab-content elementor-clearfix\" data-tab=\"6\" role=\"region\" aria-labelledby=\"elementor-tab-title-2186\"><p>Lasergravering p\u00e5 veggen. Nummer, navn, logoer etter behov.<\/p>\n<\/div>\n\t\t\t\t<\/div>\n\t\t\t\t\t\t\t\t<\/div>\n\t\t\t\t\t\t<\/div>\n\t\t\t\t<\/div>\n\t\t\t\t<div class=\"elementor-element elementor-element-5dfb9a9 elementor-align-left elementor-widget elementor-widget-button\" data-id=\"5dfb9a9\" data-element_type=\"widget\" data-widget_type=\"button.default\">\n\t\t\t\t<div class=\"elementor-widget-container\">\n\t\t\t\t\t\t\t\t\t<div class=\"elementor-button-wrapper\">\n\t\t\t\t\t<a class=\"elementor-button elementor-button-link elementor-size-md\" href=\"https:\/\/rebruk.ee\/no\/ta-kontakt-med\/\">\n\t\t\t\t\t\t<span class=\"elementor-button-content-wrapper\">\n\t\t\t\t\t\t<span class=\"elementor-button-icon\">\n\t\t\t\t<i aria-hidden=\"true\" class=\"far fa-caret-square-right\"><\/i>\t\t\t<\/span>\n\t\t\t\t\t\t\t\t\t<span class=\"elementor-button-text\">Kontakt oss og be om et tilbud<\/span>\n\t\t\t\t\t<\/span>\n\t\t\t\t\t<\/a>\n\t\t\t\t<\/div>\n\t\t\t\t\t\t\t\t<\/div>\n\t\t\t\t<\/div>\n\t\t\t\t\t<\/div>\n\t\t<\/div>\n\t\t\t\t\t<\/div>\n\t\t<\/section>\n\t\t\t\t<section class=\"elementor-section elementor-top-section elementor-element elementor-element-a34a7d2 animated-slow elementor-section-boxed elementor-section-height-default elementor-section-height-default elementor-invisible\" data-id=\"a34a7d2\" data-element_type=\"section\" data-settings=\"{&quot;animation&quot;:&quot;fadeIn&quot;}\">\n\t\t\t\t\t\t<div class=\"elementor-container elementor-column-gap-no\">\n\t\t\t\t\t<div class=\"elementor-column elementor-col-100 elementor-top-column elementor-element elementor-element-e7ff798\" data-id=\"e7ff798\" data-element_type=\"column\">\n\t\t\t<div class=\"elementor-widget-wrap elementor-element-populated\">\n\t\t\t\t\t\t<div class=\"elementor-element elementor-element-fc735e1 gallery-spacing-custom elementor-widget elementor-widget-image-gallery\" data-id=\"fc735e1\" data-element_type=\"widget\" data-widget_type=\"image-gallery.default\">\n\t\t\t\t<div class=\"elementor-widget-container\">\n\t\t\t\t\t\t\t<div class=\"elementor-image-gallery\">\n\t\t\t<div id='gallery-1' class='gallery galleryid-913 gallery-columns-3 gallery-size-medium_large'><figure class='gallery-item'>\n\t\t\t<div class='gallery-icon landscape'>\n\t\t\t\t<a data-elementor-open-lightbox=\"yes\" data-elementor-lightbox-slideshow=\"fc735e1\" data-e-action-hash=\"#elementor-action%3Aaction%3Dlightbox%26settings%3DeyJpZCI6Nzg1LCJ1cmwiOiJodHRwczpcL1wvcmVicnVrLmVlXC93cC1jb250ZW50XC91cGxvYWRzXC8yMDIyXC8wOVwvcHJ5Z2ltYWphLmpwZyIsInNsaWRlc2hvdyI6ImZjNzM1ZTEifQ%3D%3D\" href='https:\/\/rebruk.ee\/wp-content\/uploads\/2022\/09\/prygimaja.jpg'><img fetchpriority=\"high\" decoding=\"async\" width=\"768\" height=\"576\" src=\"https:\/\/rebruk.ee\/wp-content\/uploads\/2022\/09\/prygimaja-768x576.jpg\" class=\"attachment-medium_large size-medium_large\" alt=\"Pr\u00fcgimaja\" srcset=\"https:\/\/rebruk.ee\/wp-content\/uploads\/2022\/09\/prygimaja-768x576.jpg 768w, https:\/\/rebruk.ee\/wp-content\/uploads\/2022\/09\/prygimaja-300x225.jpg 300w, https:\/\/rebruk.ee\/wp-content\/uploads\/2022\/09\/prygimaja-1024x768.jpg 1024w, https:\/\/rebruk.ee\/wp-content\/uploads\/2022\/09\/prygimaja-1536x1152.jpg 1536w, https:\/\/rebruk.ee\/wp-content\/uploads\/2022\/09\/prygimaja.jpg 1560w\" sizes=\"(max-width: 768px) 100vw, 768px\" \/><\/a>\n\t\t\t<\/div><\/figure><figure class='gallery-item'>\n\t\t\t<div class='gallery-icon landscape'>\n\t\t\t\t<a data-elementor-open-lightbox=\"yes\" data-elementor-lightbox-slideshow=\"fc735e1\" data-e-action-hash=\"#elementor-action%3Aaction%3Dlightbox%26settings%3DeyJpZCI6Nzg3LCJ1cmwiOiJodHRwczpcL1wvcmVicnVrLmVlXC93cC1jb250ZW50XC91cGxvYWRzXC8yMDIyXC8wOVwvc29wcGVsaHVzLXJvdGF0ZWQuanBnIiwic2xpZGVzaG93IjoiZmM3MzVlMSJ9\" href='https:\/\/rebruk.ee\/wp-content\/uploads\/2022\/09\/soppelhus-rotated.jpg'><img decoding=\"async\" width=\"768\" height=\"576\" src=\"https:\/\/rebruk.ee\/wp-content\/uploads\/2022\/09\/soppelhus-768x576.jpg\" class=\"attachment-medium_large size-medium_large\" alt=\"Pr\u00fcgimaja\" srcset=\"https:\/\/rebruk.ee\/wp-content\/uploads\/2022\/09\/soppelhus-768x576.jpg 768w, https:\/\/rebruk.ee\/wp-content\/uploads\/2022\/09\/soppelhus-300x225.jpg 300w, https:\/\/rebruk.ee\/wp-content\/uploads\/2022\/09\/soppelhus-1024x768.jpg 1024w, https:\/\/rebruk.ee\/wp-content\/uploads\/2022\/09\/soppelhus-1536x1152.jpg 1536w, https:\/\/rebruk.ee\/wp-content\/uploads\/2022\/09\/soppelhus-2048x1536.jpg 2048w\" sizes=\"(max-width: 768px) 100vw, 768px\" \/><\/a>\n\t\t\t<\/div><\/figure>\n\t\t<\/div>\n\t\t<\/div>\n\t\t\t\t\t\t<\/div>\n\t\t\t\t<\/div>\n\t\t\t\t\t<\/div>\n\t\t<\/div>\n\t\t\t\t\t<\/div>\n\t\t<\/section>\n\t\t\t\t<\/div>\n\t\t","protected":false},"excerpt":{"rendered":"<p>S\u00f8ppelhus Behovet for s\u00f8ppelplass oppst\u00e5r n\u00e5r avfall samles p\u00e5 en sortert m\u00e5te. Ved \u00e5 gruppere avfallsbeholderne i et eget bygg, blir det generelle visuelle bildet av tomten bedre, samtidig som den l\u00e5sbare s\u00f8ppelcontaineren hindrer u\u00f8nskede gjester og fremmedavfall i \u00e5 komme inn i beholderen. Vi produserer avfallshus p\u00e5 spesialbestillingsbasis, da behovene til kundene er forskjellige. [&hellip;]<\/p>\n","protected":false},"author":1,"featured_media":0,"parent":0,"menu_order":0,"comment_status":"closed","ping_status":"closed","template":"elementor_header_footer","meta":{"footnotes":""},"class_list":["post-913","page","type-page","status-publish","hentry"],"_links":{"self":[{"href":"https:\/\/rebruk.ee\/no\/wp-json\/wp\/v2\/pages\/913","targetHints":{"allow":["GET"]}}],"collection":[{"href":"https:\/\/rebruk.ee\/no\/wp-json\/wp\/v2\/pages"}],"about":[{"href":"https:\/\/rebruk.ee\/no\/wp-json\/wp\/v2\/types\/page"}],"author":[{"embeddable":true,"href":"https:\/\/rebruk.ee\/no\/wp-json\/wp\/v2\/users\/1"}],"replies":[{"embeddable":true,"href":"https:\/\/rebruk.ee\/no\/wp-json\/wp\/v2\/comments?post=913"}],"version-history":[{"count":0,"href":"https:\/\/rebruk.ee\/no\/wp-json\/wp\/v2\/pages\/913\/revisions"}],"wp:attachment":[{"href":"https:\/\/rebruk.ee\/no\/wp-json\/wp\/v2\/media?parent=913"}],"curies":[{"name":"wp","href":"https:\/\/api.w.org\/{rel}","templated":true}]}}