{"id":895,"date":"2022-08-30T12:14:05","date_gmt":"2022-08-30T12:14:05","guid":{"rendered":"https:\/\/rebruk.ee\/om-selskapet\/"},"modified":"2022-09-26T15:16:44","modified_gmt":"2022-09-26T15:16:44","slug":"om-selskapet","status":"publish","type":"page","link":"https:\/\/rebruk.ee\/no\/om-selskapet\/","title":{"rendered":"Om selskapet"},"content":{"rendered":"\t\t<div data-elementor-type=\"wp-page\" data-elementor-id=\"895\" class=\"elementor elementor-895 elementor-14\" data-elementor-post-type=\"page\">\n\t\t\t\t\t\t<section class=\"elementor-section elementor-top-section elementor-element elementor-element-d8170f5 elementor-section-height-min-height elementor-section-items-top animated-slow elementor-section-boxed elementor-section-height-default elementor-invisible\" data-id=\"d8170f5\" data-element_type=\"section\" data-settings=\"{&quot;animation&quot;:&quot;fadeIn&quot;}\">\n\t\t\t\t\t\t<div class=\"elementor-container elementor-column-gap-no\">\n\t\t\t\t\t<div class=\"elementor-column elementor-col-100 elementor-top-column elementor-element elementor-element-a9bbaef\" data-id=\"a9bbaef\" data-element_type=\"column\">\n\t\t\t<div class=\"elementor-widget-wrap elementor-element-populated\">\n\t\t\t\t\t\t<div class=\"elementor-element elementor-element-7a1ed8d elementor-widget elementor-widget-heading\" data-id=\"7a1ed8d\" data-element_type=\"widget\" data-widget_type=\"heading.default\">\n\t\t\t\t<div class=\"elementor-widget-container\">\n\t\t\t\t\t<h1 class=\"elementor-heading-title elementor-size-default\">Om selskapet<\/h1>\t\t\t\t<\/div>\n\t\t\t\t<\/div>\n\t\t\t\t<div class=\"elementor-element elementor-element-d08e4b9 elementor-widget elementor-widget-text-editor\" data-id=\"d08e4b9\" data-element_type=\"widget\" data-widget_type=\"text-editor.default\">\n\t\t\t\t<div class=\"elementor-widget-container\">\n\t\t\t\t\t\t\t\t\t<p>O\u00dc Rebruk GH ble grunnlagt i 2007. p\u00e5 slutten, vokst ut av AS Rebruk, som ble grunnlagt i 1993.<\/p>\n<p>Gjennom langsiktig konsekvent produktutvikling er vi i stand til \u00e5 tilby et bredt spekter av produkter, fra treelementer, piggplatestoler til h\u00f8vlematerialer. V\u00e5re produkter kjennetegnes best av tradisjonell nordisk kvalitet, tilpasset estiske forhold.<\/p>\n<p>V\u00e5re ansatte er spesialister innen sitt felt med lang erfaring, som daglig driver med bygging av trebygg. Kontinuerlig videreutdanning sikrer evnen til \u00e5 h\u00e5ndtere nye materialer og verkt\u00f8y.<\/p>\n<p>Ved \u00e5 bruke kunnskapen, evnene og erfaringen til teknologigruppen til det norske morselskapet AS Fjell Bruk i produksjon av h\u00f8ykvalitetsprodukter og l\u00f8sning av prosjekter, tilbyr O\u00dc Rebruk GH moderne produkter og tjenester til sine kunder og partnere.<\/p>\n\t\t\t\t\t\t\t\t<\/div>\n\t\t\t\t<\/div>\n\t\t\t\t\t<\/div>\n\t\t<\/div>\n\t\t\t\t\t<\/div>\n\t\t<\/section>\n\t\t\t\t<\/div>\n\t\t","protected":false},"excerpt":{"rendered":"<p>Om selskapet O\u00dc Rebruk GH ble grunnlagt i 2007. p\u00e5 slutten, vokst ut av AS Rebruk, som ble grunnlagt i 1993. Gjennom langsiktig konsekvent produktutvikling er vi i stand til \u00e5 tilby et bredt spekter av produkter, fra treelementer, piggplatestoler til h\u00f8vlematerialer. V\u00e5re produkter kjennetegnes best av tradisjonell nordisk kvalitet, tilpasset estiske forhold. V\u00e5re ansatte [&hellip;]<\/p>\n","protected":false},"author":1,"featured_media":0,"parent":0,"menu_order":0,"comment_status":"closed","ping_status":"closed","template":"elementor_header_footer","meta":{"footnotes":""},"class_list":["post-895","page","type-page","status-publish","hentry"],"_links":{"self":[{"href":"https:\/\/rebruk.ee\/no\/wp-json\/wp\/v2\/pages\/895","targetHints":{"allow":["GET"]}}],"collection":[{"href":"https:\/\/rebruk.ee\/no\/wp-json\/wp\/v2\/pages"}],"about":[{"href":"https:\/\/rebruk.ee\/no\/wp-json\/wp\/v2\/types\/page"}],"author":[{"embeddable":true,"href":"https:\/\/rebruk.ee\/no\/wp-json\/wp\/v2\/users\/1"}],"replies":[{"embeddable":true,"href":"https:\/\/rebruk.ee\/no\/wp-json\/wp\/v2\/comments?post=895"}],"version-history":[{"count":0,"href":"https:\/\/rebruk.ee\/no\/wp-json\/wp\/v2\/pages\/895\/revisions"}],"wp:attachment":[{"href":"https:\/\/rebruk.ee\/no\/wp-json\/wp\/v2\/media?parent=895"}],"curies":[{"name":"wp","href":"https:\/\/api.w.org\/{rel}","templated":true}]}}